{"id":23755,"date":"2023-06-20T12:18:00","date_gmt":"2023-06-20T10:18:00","guid":{"rendered":"https:\/\/www.dolomitiprealpi.it\/?page_id=23755"},"modified":"2023-06-20T17:24:54","modified_gmt":"2023-06-20T15:24:54","slug":"dolomiti-a-360-gradi","status":"publish","type":"page","link":"https:\/\/www.dolomitiprealpi.it\/de\/dolomiti-a-360-gradi\/","title":{"rendered":"DOLOMITI A 360 GRADI"},"content":{"rendered":"\n<div class=\"wp-block-group is-nowrap is-layout-flex wp-container-core-group-is-layout-ad2f72ca wp-block-group-is-layout-flex\">\n<figure class=\"wp-block-image size-large is-resized\"><img loading=\"lazy\" decoding=\"async\" src=\"https:\/\/www.dolomitiprealpi.it\/wp-content\/uploads\/2023\/06\/08-MARCHIO-Estero-Italy-registrato-txt-nero-1-1024x427.png\" alt=\"\" class=\"wp-image-23778\" width=\"256\" height=\"107\" srcset=\"https:\/\/www.dolomitiprealpi.it\/wp-content\/uploads\/2023\/06\/08-MARCHIO-Estero-Italy-registrato-txt-nero-1-1024x427.png 1024w, https:\/\/www.dolomitiprealpi.it\/wp-content\/uploads\/2023\/06\/08-MARCHIO-Estero-Italy-registrato-txt-nero-1-300x125.png 300w, https:\/\/www.dolomitiprealpi.it\/wp-content\/uploads\/2023\/06\/08-MARCHIO-Estero-Italy-registrato-txt-nero-1-768x320.png 768w, https:\/\/www.dolomitiprealpi.it\/wp-content\/uploads\/2023\/06\/08-MARCHIO-Estero-Italy-registrato-txt-nero-1-1536x640.png 1536w, https:\/\/www.dolomitiprealpi.it\/wp-content\/uploads\/2023\/06\/08-MARCHIO-Estero-Italy-registrato-txt-nero-1-2048x854.png 2048w, https:\/\/www.dolomitiprealpi.it\/wp-content\/uploads\/2023\/06\/08-MARCHIO-Estero-Italy-registrato-txt-nero-1-774x323.png 774w\" sizes=\"auto, (max-width: 256px) 100vw, 256px\" \/><\/figure>\n\n\n\n<div class=\"wp-block-columns is-layout-flex wp-container-core-columns-is-layout-9d6595d7 wp-block-columns-is-layout-flex\">\n<div class=\"wp-block-column is-layout-flow wp-block-column-is-layout-flow\">\n<figure class=\"wp-block-image size-full is-resized\"><img loading=\"lazy\" decoding=\"async\" src=\"https:\/\/www.dolomitiprealpi.it\/wp-content\/uploads\/2023\/06\/POR-FESR_01_Marchio_Colori_Verticale.png\" alt=\"\" class=\"wp-image-23772\" width=\"226\" height=\"192\" srcset=\"https:\/\/www.dolomitiprealpi.it\/wp-content\/uploads\/2023\/06\/POR-FESR_01_Marchio_Colori_Verticale.png 902w, https:\/\/www.dolomitiprealpi.it\/wp-content\/uploads\/2023\/06\/POR-FESR_01_Marchio_Colori_Verticale-300x256.png 300w, https:\/\/www.dolomitiprealpi.it\/wp-content\/uploads\/2023\/06\/POR-FESR_01_Marchio_Colori_Verticale-768x655.png 768w, https:\/\/www.dolomitiprealpi.it\/wp-content\/uploads\/2023\/06\/POR-FESR_01_Marchio_Colori_Verticale-619x528.png 619w\" sizes=\"auto, (max-width: 226px) 100vw, 226px\" \/><\/figure>\n<\/div>\n\n\n\n<div class=\"wp-block-column is-layout-flow wp-block-column-is-layout-flow\">\n<figure class=\"wp-block-image size-large is-resized mt-7\"><img loading=\"lazy\" decoding=\"async\" src=\"https:\/\/www.dolomitiprealpi.it\/wp-content\/uploads\/2023\/06\/POR-FESR_03_Claim-Asse-3-1024x344.png\" alt=\"\" class=\"wp-image-23769\" width=\"256\" height=\"86\" srcset=\"https:\/\/www.dolomitiprealpi.it\/wp-content\/uploads\/2023\/06\/POR-FESR_03_Claim-Asse-3-1024x344.png 1024w, https:\/\/www.dolomitiprealpi.it\/wp-content\/uploads\/2023\/06\/POR-FESR_03_Claim-Asse-3-300x101.png 300w, https:\/\/www.dolomitiprealpi.it\/wp-content\/uploads\/2023\/06\/POR-FESR_03_Claim-Asse-3-768x258.png 768w, https:\/\/www.dolomitiprealpi.it\/wp-content\/uploads\/2023\/06\/POR-FESR_03_Claim-Asse-3-1536x516.png 1536w, https:\/\/www.dolomitiprealpi.it\/wp-content\/uploads\/2023\/06\/POR-FESR_03_Claim-Asse-3-774x260.png 774w, https:\/\/www.dolomitiprealpi.it\/wp-content\/uploads\/2023\/06\/POR-FESR_03_Claim-Asse-3.png 1555w\" sizes=\"auto, (max-width: 256px) 100vw, 256px\" \/><\/figure>\n<\/div>\n\n\n\n<div class=\"wp-block-column is-layout-flow wp-block-column-is-layout-flow\">\n<figure class=\"wp-block-image size-large is-resized\"><img loading=\"lazy\" decoding=\"async\" src=\"https:\/\/www.dolomitiprealpi.it\/wp-content\/uploads\/2023\/06\/d360-rgb-1024x1024.png\" alt=\"\" class=\"wp-image-23775\" width=\"256\" height=\"256\" srcset=\"https:\/\/www.dolomitiprealpi.it\/wp-content\/uploads\/2023\/06\/d360-rgb-1024x1024.png 1024w, https:\/\/www.dolomitiprealpi.it\/wp-content\/uploads\/2023\/06\/d360-rgb-300x300.png 300w, https:\/\/www.dolomitiprealpi.it\/wp-content\/uploads\/2023\/06\/d360-rgb-150x150.png 150w, https:\/\/www.dolomitiprealpi.it\/wp-content\/uploads\/2023\/06\/d360-rgb-768x768.png 768w, https:\/\/www.dolomitiprealpi.it\/wp-content\/uploads\/2023\/06\/d360-rgb-1536x1536.png 1536w, https:\/\/www.dolomitiprealpi.it\/wp-content\/uploads\/2023\/06\/d360-rgb-2048x2048.png 2048w, https:\/\/www.dolomitiprealpi.it\/wp-content\/uploads\/2023\/06\/d360-rgb-528x528.png 528w\" sizes=\"auto, (max-width: 256px) 100vw, 256px\" \/><\/figure>\n<\/div>\n<\/div>\n<\/div>\n\n\n\n<p><strong>Titolo progetto:<\/strong><\/p>\n\n\n\n<p>DOLOMITI A 360 GRADI<\/p>\n\n\n\n<p><strong>Dicitura:<\/strong><\/p>\n\n\n\n<p>POR FESR 2014-2020, Asse 3. Azione 3.3.4 D \u2013 D.G.R. n. 1426\/2019. \u201cBando per l\u2019attivazione, sviluppo, consolidamento di aggregazioni di PMI per interventi che favoriscano l\u2019orientamento alla domanda turistica e ai mercati internazionali &#8211; Promozione\u201d.<\/p>\n\n\n\n<p><strong>Testo:<\/strong><\/p>\n\n\n\n<p>Il progetto \u201cDolomiti a 360 gradi\u201d nasce dalla volont\u00e0 dei tre Consorzi Turistici, Consorzio Turistico Dolomiti Prealpi, Consorzio Val di Zoldo Turismo e Consorzio Tre Cime Dolomiti, di valorizzare e promuovere, a livello internazionale, i prodotti di destinazione realizzati dai Club di prodotto\/Reti-contratto \u201cValbelluna Green Net\u201d e \u201cTre Cime Active\u201d rispettivamente in Valbelluna, nell\u2019area di interesse del Parco Nazionale Dolomiti Bellunesi (che include anche la Val di Zoldo), e nell\u2019area di Auronzo e Misurina. L\u2019aggregazione \u00e8 costituita in forma di ATS dal Consorzio Turistico Dolomiti Prealpi (capofila), Consorzio Val di Zoldo Turismo, Consorzio Tre Cime Dolomiti, e 12 PMI aderenti, De Marchi Silvio (Bed&amp;Book Casa Novecento), La Birreria S.r.l. (Birreria Pedavena), Mastel Aline (Albergo Al Tajol), Turra snc (Camping Gajole), Magagnin Alessandra (Rifugio Pranolz), Gusela Travel srls, Limana Nicola (in rappresentanza pi\u00f9 in generale di Dimore Dolomiti), Auronzo d\u2019Inverno srl, Albergo Ajarnola, Albergo Centrale di Da Rin Pister Emma &amp; C. s.n.c. (Hotel Centrale), La Nuova Montanina sas (Hotel La Nuova Montanina) e 3 C di Letizia Frigo Sampogna. Basso e alto bellunese diventano cos\u00ec un\u2019unica destinazione per il turista straniero per 12 mesi l\u2019anno: il Progetto si sviluppa nell\u2019ambito del STT Dolomiti, nel territorio di competenza di un\u2019unica OGD (DMO Dolomiti). L\u2019area interessata dal progetto rappresenta, nella stagione estiva, una meta di riferimento per il turismo straniero proveniente da diversi Paesi europei (in particolare Germania, Austria, Slovenia, Francia, Paesi Bassi, Polonia, Rep. Ceca, Regno Unito e Spagna)ed ha potuto intercettare nuovi flussi turistici grazie alle attivit\u00e0 di progetto che hanno valorizzato quelle caratteristiche del territorio caratteristiche quali: bassa densit\u00e0 turistica, servizi personalizzati, attenzione al cliente, adeguamento a nuovi criteri di sicurezza e distanza, salubrit\u00e0 dell\u2019aria, forte vocazione al turismo outdoor individuale o per piccoli gruppi.<\/p>\n\n\n\n<p>L\u2019aggregazione con il presente progetto ha messo a sistema le risorse coinvolte nello sviluppo turistico territoriale locale, valorizzando a livello internazionale un\u2019offerta coordinata e variegata che consente di apprezzare prodotti turistici esperienziali disponibili nelle varie stagioni dell\u2019anno, nell\u2019ottica dell\u2019affermazione dell\u2019area delle Dolomiti bellunesi quale eco-destinazione organizzata e competitiva per una vacanza green e attiva, attenta alla sostenibilit\u00e0 tanto ambientale quanto sociale, e rinforzando la sua visibilit\u00e0 verso i mercati esteri sotto descritti, come destinazione rinnovata ed inedita in relazione ai prodotti pensati per un turismo non prettamente invernale ma anche estivo e destagionalizzato. Infatti si \u00e8 tradotta in pratica una strategia unitaria di promozione in grado al contempo di incrementare la competitivit\u00e0 delle PMI aderenti e di valorizzare le risorse naturali e culturali esistenti nell\u2019area di competenza della DMO Dolomiti, migliorando anche la governance turistica e il grado di internazionalizzazione della destinazione.<\/p>\n\n\n\n<p>Il bando per l\u2019attivazione, sviluppo, consolidamento di aggregazioni di PMI per interventi che favoriscano l\u2019orientamento alla domanda turistica e ai mercati internazionali finanziato nell\u2019ambito del POR FESR 2014-2020 \u2013 Azione 3.3.4, Sub-Azione D (DGR N. 1426 del 01\/10\/2019) ha premiato l\u2019ATS stanziando un contributo a fondo perduto pari ad \u20ac 124.599,13 a fronte di un totale di investimenti previsti di \u20ac 249.198,26.<\/p>\n","protected":false},"excerpt":{"rendered":"<p>Titolo progetto: DOLOMITI A 360 GRADI Dicitura: POR FESR 2014-2020, Asse 3. Azione 3.3.4 D \u2013 D.G.R. n. 1426\/2019. \u201cBando per l\u2019attivazione, sviluppo, consolidamento di aggregazioni di PMI per interventi<\/p>\n","protected":false},"author":2,"featured_media":0,"parent":0,"menu_order":0,"comment_status":"closed","ping_status":"closed","template":"","meta":{"_acf_changed":false,"inline_featured_image":false,"footnotes":""},"class_list":["post-23755","page","type-page","status-publish","hentry"],"acf":[],"yoast_head":"<!-- This site is optimized with the Yoast SEO plugin v25.7 - https:\/\/yoast.com\/wordpress\/plugins\/seo\/ -->\n<title>DOLOMITI A 360 GRADI - Dolomiti Prealpi<\/title>\n<meta name=\"robots\" content=\"index, follow, max-snippet:-1, max-image-preview:large, max-video-preview:-1\" \/>\n<link rel=\"canonical\" href=\"https:\/\/www.dolomitiprealpi.it\/de\/dolomiti-a-360-gradi\/\" \/>\n<meta property=\"og:locale\" content=\"de_DE\" \/>\n<meta property=\"og:type\" content=\"article\" \/>\n<meta property=\"og:title\" content=\"DOLOMITI A 360 GRADI - Dolomiti Prealpi\" \/>\n<meta property=\"og:description\" content=\"Titolo progetto: DOLOMITI A 360 GRADI Dicitura: POR FESR 2014-2020, Asse 3. Azione 3.3.4 D \u2013 D.G.R. n. 1426\/2019. \u201cBando per l\u2019attivazione, sviluppo, consolidamento di aggregazioni di PMI per interventi\" \/>\n<meta property=\"og:url\" content=\"https:\/\/www.dolomitiprealpi.it\/de\/dolomiti-a-360-gradi\/\" \/>\n<meta property=\"og:site_name\" content=\"Dolomiti Prealpi\" \/>\n<meta property=\"article:publisher\" content=\"https:\/\/www.facebook.com\/dolomitiprealpi.it\/\" \/>\n<meta property=\"article:modified_time\" content=\"2023-06-20T15:24:54+00:00\" \/>\n<meta property=\"og:image\" content=\"https:\/\/www.dolomitiprealpi.it\/wp-content\/uploads\/2023\/06\/08-MARCHIO-Estero-Italy-registrato-txt-nero-1-1024x427.png\" \/>\n<meta name=\"twitter:card\" content=\"summary_large_image\" \/>\n<meta name=\"twitter:label1\" content=\"Est. reading time\" \/>\n\t<meta name=\"twitter:data1\" content=\"4 minutes\" \/>\n<script type=\"application\/ld+json\" class=\"yoast-schema-graph\">{\"@context\":\"https:\/\/schema.org\",\"@graph\":[{\"@type\":\"WebPage\",\"@id\":\"https:\/\/www.dolomitiprealpi.it\/de\/dolomiti-a-360-gradi\/\",\"url\":\"https:\/\/www.dolomitiprealpi.it\/de\/dolomiti-a-360-gradi\/\",\"name\":\"DOLOMITI A 360 GRADI - Dolomiti Prealpi\",\"isPartOf\":{\"@id\":\"https:\/\/www.dolomitiprealpi.it\/de\/#website\"},\"primaryImageOfPage\":{\"@id\":\"https:\/\/www.dolomitiprealpi.it\/de\/dolomiti-a-360-gradi\/#primaryimage\"},\"image\":{\"@id\":\"https:\/\/www.dolomitiprealpi.it\/de\/dolomiti-a-360-gradi\/#primaryimage\"},\"thumbnailUrl\":\"https:\/\/www.dolomitiprealpi.it\/wp-content\/uploads\/2023\/06\/08-MARCHIO-Estero-Italy-registrato-txt-nero-1-1024x427.png\",\"datePublished\":\"2023-06-20T10:18:00+00:00\",\"dateModified\":\"2023-06-20T15:24:54+00:00\",\"breadcrumb\":{\"@id\":\"https:\/\/www.dolomitiprealpi.it\/de\/dolomiti-a-360-gradi\/#breadcrumb\"},\"inLanguage\":\"de-DE\",\"potentialAction\":[{\"@type\":\"ReadAction\",\"target\":[\"https:\/\/www.dolomitiprealpi.it\/de\/dolomiti-a-360-gradi\/\"]}]},{\"@type\":\"ImageObject\",\"inLanguage\":\"de-DE\",\"@id\":\"https:\/\/www.dolomitiprealpi.it\/de\/dolomiti-a-360-gradi\/#primaryimage\",\"url\":\"https:\/\/www.dolomitiprealpi.it\/wp-content\/uploads\/2023\/06\/08-MARCHIO-Estero-Italy-registrato-txt-nero-1-1024x427.png\",\"contentUrl\":\"https:\/\/www.dolomitiprealpi.it\/wp-content\/uploads\/2023\/06\/08-MARCHIO-Estero-Italy-registrato-txt-nero-1-1024x427.png\"},{\"@type\":\"BreadcrumbList\",\"@id\":\"https:\/\/www.dolomitiprealpi.it\/de\/dolomiti-a-360-gradi\/#breadcrumb\",\"itemListElement\":[{\"@type\":\"ListItem\",\"position\":1,\"name\":\"Home\",\"item\":\"https:\/\/www.dolomitiprealpi.it\/de\/\"},{\"@type\":\"ListItem\",\"position\":2,\"name\":\"DOLOMITI A 360 GRADI\"}]},{\"@type\":\"WebSite\",\"@id\":\"https:\/\/www.dolomitiprealpi.it\/de\/#website\",\"url\":\"https:\/\/www.dolomitiprealpi.it\/de\/\",\"name\":\"Dolomiti Prealpi\",\"description\":\"\",\"publisher\":{\"@id\":\"https:\/\/www.dolomitiprealpi.it\/de\/#organization\"},\"potentialAction\":[{\"@type\":\"SearchAction\",\"target\":{\"@type\":\"EntryPoint\",\"urlTemplate\":\"https:\/\/www.dolomitiprealpi.it\/de\/?s={search_term_string}\"},\"query-input\":{\"@type\":\"PropertyValueSpecification\",\"valueRequired\":true,\"valueName\":\"search_term_string\"}}],\"inLanguage\":\"de-DE\"},{\"@type\":\"Organization\",\"@id\":\"https:\/\/www.dolomitiprealpi.it\/de\/#organization\",\"name\":\"Consorzio Dolomiti Prealpi\",\"url\":\"https:\/\/www.dolomitiprealpi.it\/de\/\",\"logo\":{\"@type\":\"ImageObject\",\"inLanguage\":\"de-DE\",\"@id\":\"https:\/\/www.dolomitiprealpi.it\/de\/#\/schema\/logo\/image\/\",\"url\":\"https:\/\/www.dolomitiprealpi.it\/wp-content\/uploads\/2023\/03\/dolomitiprealpi-favicon.jpg\",\"contentUrl\":\"https:\/\/www.dolomitiprealpi.it\/wp-content\/uploads\/2023\/03\/dolomitiprealpi-favicon.jpg\",\"width\":512,\"height\":512,\"caption\":\"Consorzio Dolomiti Prealpi\"},\"image\":{\"@id\":\"https:\/\/www.dolomitiprealpi.it\/de\/#\/schema\/logo\/image\/\"},\"sameAs\":[\"https:\/\/www.facebook.com\/dolomitiprealpi.it\/\",\"https:\/\/www.instagram.com\/dolomitiprealpi\/\"]}]}<\/script>\n<!-- \/ Yoast SEO plugin. -->","yoast_head_json":{"title":"DOLOMITI A 360 GRADI - Dolomiti Prealpi","robots":{"index":"index","follow":"follow","max-snippet":"max-snippet:-1","max-image-preview":"max-image-preview:large","max-video-preview":"max-video-preview:-1"},"canonical":"https:\/\/www.dolomitiprealpi.it\/de\/dolomiti-a-360-gradi\/","og_locale":"de_DE","og_type":"article","og_title":"DOLOMITI A 360 GRADI - Dolomiti Prealpi","og_description":"Titolo progetto: DOLOMITI A 360 GRADI Dicitura: POR FESR 2014-2020, Asse 3. Azione 3.3.4 D \u2013 D.G.R. n. 1426\/2019. \u201cBando per l\u2019attivazione, sviluppo, consolidamento di aggregazioni di PMI per interventi","og_url":"https:\/\/www.dolomitiprealpi.it\/de\/dolomiti-a-360-gradi\/","og_site_name":"Dolomiti Prealpi","article_publisher":"https:\/\/www.facebook.com\/dolomitiprealpi.it\/","article_modified_time":"2023-06-20T15:24:54+00:00","og_image":[{"url":"https:\/\/www.dolomitiprealpi.it\/wp-content\/uploads\/2023\/06\/08-MARCHIO-Estero-Italy-registrato-txt-nero-1-1024x427.png","type":"","width":"","height":""}],"twitter_card":"summary_large_image","twitter_misc":{"Est. reading time":"4 minutes"},"schema":{"@context":"https:\/\/schema.org","@graph":[{"@type":"WebPage","@id":"https:\/\/www.dolomitiprealpi.it\/de\/dolomiti-a-360-gradi\/","url":"https:\/\/www.dolomitiprealpi.it\/de\/dolomiti-a-360-gradi\/","name":"DOLOMITI A 360 GRADI - Dolomiti Prealpi","isPartOf":{"@id":"https:\/\/www.dolomitiprealpi.it\/de\/#website"},"primaryImageOfPage":{"@id":"https:\/\/www.dolomitiprealpi.it\/de\/dolomiti-a-360-gradi\/#primaryimage"},"image":{"@id":"https:\/\/www.dolomitiprealpi.it\/de\/dolomiti-a-360-gradi\/#primaryimage"},"thumbnailUrl":"https:\/\/www.dolomitiprealpi.it\/wp-content\/uploads\/2023\/06\/08-MARCHIO-Estero-Italy-registrato-txt-nero-1-1024x427.png","datePublished":"2023-06-20T10:18:00+00:00","dateModified":"2023-06-20T15:24:54+00:00","breadcrumb":{"@id":"https:\/\/www.dolomitiprealpi.it\/de\/dolomiti-a-360-gradi\/#breadcrumb"},"inLanguage":"de-DE","potentialAction":[{"@type":"ReadAction","target":["https:\/\/www.dolomitiprealpi.it\/de\/dolomiti-a-360-gradi\/"]}]},{"@type":"ImageObject","inLanguage":"de-DE","@id":"https:\/\/www.dolomitiprealpi.it\/de\/dolomiti-a-360-gradi\/#primaryimage","url":"https:\/\/www.dolomitiprealpi.it\/wp-content\/uploads\/2023\/06\/08-MARCHIO-Estero-Italy-registrato-txt-nero-1-1024x427.png","contentUrl":"https:\/\/www.dolomitiprealpi.it\/wp-content\/uploads\/2023\/06\/08-MARCHIO-Estero-Italy-registrato-txt-nero-1-1024x427.png"},{"@type":"BreadcrumbList","@id":"https:\/\/www.dolomitiprealpi.it\/de\/dolomiti-a-360-gradi\/#breadcrumb","itemListElement":[{"@type":"ListItem","position":1,"name":"Home","item":"https:\/\/www.dolomitiprealpi.it\/de\/"},{"@type":"ListItem","position":2,"name":"DOLOMITI A 360 GRADI"}]},{"@type":"WebSite","@id":"https:\/\/www.dolomitiprealpi.it\/de\/#website","url":"https:\/\/www.dolomitiprealpi.it\/de\/","name":"Dolomiti Prealpi","description":"","publisher":{"@id":"https:\/\/www.dolomitiprealpi.it\/de\/#organization"},"potentialAction":[{"@type":"SearchAction","target":{"@type":"EntryPoint","urlTemplate":"https:\/\/www.dolomitiprealpi.it\/de\/?s={search_term_string}"},"query-input":{"@type":"PropertyValueSpecification","valueRequired":true,"valueName":"search_term_string"}}],"inLanguage":"de-DE"},{"@type":"Organization","@id":"https:\/\/www.dolomitiprealpi.it\/de\/#organization","name":"Consorzio Dolomiti Prealpi","url":"https:\/\/www.dolomitiprealpi.it\/de\/","logo":{"@type":"ImageObject","inLanguage":"de-DE","@id":"https:\/\/www.dolomitiprealpi.it\/de\/#\/schema\/logo\/image\/","url":"https:\/\/www.dolomitiprealpi.it\/wp-content\/uploads\/2023\/03\/dolomitiprealpi-favicon.jpg","contentUrl":"https:\/\/www.dolomitiprealpi.it\/wp-content\/uploads\/2023\/03\/dolomitiprealpi-favicon.jpg","width":512,"height":512,"caption":"Consorzio Dolomiti Prealpi"},"image":{"@id":"https:\/\/www.dolomitiprealpi.it\/de\/#\/schema\/logo\/image\/"},"sameAs":["https:\/\/www.facebook.com\/dolomitiprealpi.it\/","https:\/\/www.instagram.com\/dolomitiprealpi\/"]}]}},"_links":{"self":[{"href":"https:\/\/www.dolomitiprealpi.it\/de\/wp-json\/wp\/v2\/pages\/23755","targetHints":{"allow":["GET"]}}],"collection":[{"href":"https:\/\/www.dolomitiprealpi.it\/de\/wp-json\/wp\/v2\/pages"}],"about":[{"href":"https:\/\/www.dolomitiprealpi.it\/de\/wp-json\/wp\/v2\/types\/page"}],"author":[{"embeddable":true,"href":"https:\/\/www.dolomitiprealpi.it\/de\/wp-json\/wp\/v2\/users\/2"}],"replies":[{"embeddable":true,"href":"https:\/\/www.dolomitiprealpi.it\/de\/wp-json\/wp\/v2\/comments?post=23755"}],"version-history":[{"count":9,"href":"https:\/\/www.dolomitiprealpi.it\/de\/wp-json\/wp\/v2\/pages\/23755\/revisions"}],"predecessor-version":[{"id":23792,"href":"https:\/\/www.dolomitiprealpi.it\/de\/wp-json\/wp\/v2\/pages\/23755\/revisions\/23792"}],"wp:attachment":[{"href":"https:\/\/www.dolomitiprealpi.it\/de\/wp-json\/wp\/v2\/media?parent=23755"}],"curies":[{"name":"wp","href":"https:\/\/api.w.org\/{rel}","templated":true}]}}